{"id":2002,"date":"2021-12-13T17:26:59","date_gmt":"2021-12-13T15:26:59","guid":{"rendered":"https:\/\/90daydiet.org\/?page_id=2002"},"modified":"2021-12-14T10:09:02","modified_gmt":"2021-12-14T08:09:02","slug":"szenhidratnap","status":"publish","type":"page","link":"https:\/\/90daydiet.org\/hu\/szenhidratnap\/","title":{"rendered":"Sz\u00e9nhidr\u00e1tnap \u2013 a kedvenc\u00fcnk a 90 napos di\u00e9t\u00e1b\u00f3l"},"content":{"rendered":"\n<p>K\u00e9ts\u00e9gtelen\u00fcl a 90 napos di\u00e9t\u00e1t k\u00f6vet\u0151k kedvenc napja a sz\u00e9nhidr\u00e1tnap. Ennek t\u00f6bb oka is van. Egyr\u00e9szt, ezen a napon a legv\u00e1ltozatosabbak a megengedett \u00e9telek, \u00edgy ekkor van a legt\u00f6bb lehet\u0151s\u00e9g\u00fcnk a konyh\u00e1ban mindenf\u00e9le improviz\u00e1ci\u00f3ra. M\u00e1sr\u00e9szt, b\u0171n\u00f6s vagy nem b\u0171n\u00f6s \u00e9lvezet, a sz\u00e9nhidr\u00e1tf\u00e9l\u00e9k \u00e1ltal\u00e1ban egyben a kedvenc \u00e9teleink is. Egy ilyen nap jelenl\u00e9te a 90 napos di\u00e9t\u00e1ban egy \u00fajabb bizony\u00edt\u00e9k arra, hogy nem j\u00e1r t\u00fal sok n\u00e9lk\u00fcl\u00f6z\u00e9ssel \u00e9s korl\u00e1toz\u00e1ssal, \u00e9ppen ellenkez\u0151leg: megenged\u0151 azokkal szemben is, akik szeretnek kal\u00f3riad\u00fasabb \u00e9teleket nassolni. <\/p>\n\n\n\n<!--more-->\n\n\n\n<ul class=\"wp-block-list\"><li><a class=\"rank-math-link\" href=\"#fakti\">T\u00e9nyek<\/a><\/li><li><a class=\"rank-math-link\" href=\"#menu\">\u00c9trend<\/a><\/li><li><a class=\"rank-math-link\" href=\"#recepti\">Receptek a sz\u00e9nhidr\u00e1tnapra<\/a><\/li><\/ul>\n\n\n\n<h2 class=\"wp-block-heading\" id=\"fakti\">Fontos t\u00e9nyek a sz\u00e9nhidr\u00e1tnappal kapcsolatban, amikkel \u00e9rdemes tiszt\u00e1ban lenni<\/h2>\n\n\n\n<ol class=\"wp-block-list\"><li>Ne feledje, hogy a sz\u00e9nhidr\u00e1tnap a 90 napos di\u00e9ta harmadik f\u0151t\u00edpusa. Az els\u0151 nap a feh\u00e9rj\u00e9ken a hangs\u00faly, a m\u00e1sodikon h\u00fcvelyeseket \u00e9s kem\u00e9ny\u00edt\u0151t vesz\u00fcnk magunkhoz, \u00e9s csak ezut\u00e1n, a harmadik napon engedhet\u00fcnk kicsit a cs\u00e1b\u00edt\u00e1snak kedvenc sz\u00e9nhidr\u00e1tjaink form\u00e1j\u00e1ban. <\/li><li>B\u00e1r a sz\u00e9nhidr\u00e1t- vagy m\u00e1s n\u00e9ven t\u00e9sztanapnak van keresztelve, azok nem enged\u00e9lyezettek az eg\u00e9sz nap folyam\u00e1n. Azt m\u00e1r megfigyelhette, hogy a 90 napos di\u00e9ta szerint a reggeli minden nap ugyanaz &#8211; gy\u00fcm\u00f6lcs\u00f6k fogyaszt\u00e1sa. Ez a szab\u00e1ly teljes m\u00e9rt\u00e9kben \u00e9rv\u00e9nyes a sz\u00e9nhidr\u00e1tnapra is. Az egyetlen kiv\u00e9tel a <a href=\"https:\/\/90daydiet.org\/hu\/viznap\/\" data-type=\"page\" data-id=\"2014\">v\u00edznap<\/a>, amikor a reggelit sz\u00f3 szerint kihagyjuk, azaz nem esz\u00fcnk m\u00e9g gy\u00fcm\u00f6lcs\u00f6t sem, csak v\u00edz vagy legfeljebb z\u00f6lds\u00e9g-gy\u00fcm\u00f6lcslevek fogyaszt\u00e1sa megengedett. <\/li><li>A sz\u00e9nhidr\u00e1tok fogyaszt\u00e1s\u00e1t nem szabad t\u00falz\u00e1sba vinni. Igen, ezen a napon sokkal t\u00f6bb \u00e9tel fogyaszthat\u00f3 a t\u00f6bbihez k\u00e9pest. A t\u00e1pl\u00e1lkoz\u00e1si szakemberek tan\u00e1csa azonban az, hogy a sz\u00e9nhidr\u00e1tnapon (is) az \u00e9telek v\u00e1ltozatoss\u00e1g\u00e1ra \u00e9s min\u0151s\u00e9g\u00e9re helyezz\u00fck a hangs\u00falyt, ne pedig a mennyis\u00e9gre \u00e9s a grammokra. Ha valaki t\u00f6bb sz\u00e9nhidr\u00e1tot visz be, mint amennyit a szervezete fel tud dolgozni, akkor azok b\u0151r alatti zs\u00edr form\u00e1j\u00e1ban felhalmoz\u00f3dnak a szervezetben, \u00e9s ezzel fennforog a di\u00e9ta t\u00f6nkretev\u00e9s\u00e9nek kock\u00e1zata. <\/li><li>A sz\u00e9nhidr\u00e1tnap tulajdonk\u00e9ppen veget\u00e1ri\u00e1nus. Ezen a napon a h\u00fast, a tejterm\u00e9keket \u00e9s a toj\u00e1st egyar\u00e1nt ker\u00fclj\u00fck. <\/li><li>A legjobb h\u00edr az, hogy amikor elj\u00f6n a sz\u00e9nhidr\u00e1t nap, megadhatjuk magunkat az \u00e9des cs\u00e1b\u00edt\u00e1snak. \u00c9rdekes m\u00f3don a legt\u00f6bb, a 90 napos di\u00e9ta hat\u00e9konys\u00e1g\u00e1t vizsg\u00e1l\u00f3 szak\u00e9rt\u0151 azt tan\u00e1csolja, hogy mint napszak, ink\u00e1bb este vegy\u00fcnk magunkhoz valami \u00e9deset!<\/li><li>\u00dcgyeljen arra, hogy az eb\u00e9d \u00e9s a vacsora k\u00f6z\u00f6tt legal\u00e1bb 3 \u00f3ra teljen el. <\/li><\/ol>\n\n\n\n<h2 class=\"wp-block-heading\" id=\"menu\">P\u00e9lda\u00e9trend a 90 napos di\u00e9ta sz\u00e9nhidr\u00e1tnapj\u00e1ra<\/h2>\n\n\n\n<p>Most pedig tekints\u00fck meg a 90 napos di\u00e9ta sz\u00e9nhidr\u00e1tnapja \u00e9tlapj\u00e1nak r\u00e9szleteit. Kezdj\u00fck a <strong>reggelivel<\/strong>. Mint m\u00e1r eml\u00edtett\u00fck, ez hagyom\u00e1nyosan gy\u00fcm\u00f6lcs, \u00e9s fontos az is, hogy ne keverj\u00fck, egy \u00e9tkez\u00e9sen bel\u00fcl ugyanolyan t\u00edpus\u00fanak kell lennie.<\/p>\n\n\n\n<p><strong>Eb\u00e9d<\/strong>&nbsp;\u2013 \u00e1ltal\u00e1ban t\u00e9sztaf\u00e9le, de ne feledj\u00fck, hogy nem tartalmazhat tejterm\u00e9ket vagy toj\u00e1st. V\u00e1laszthatunk z\u00f6lds\u00e9ges t\u00e9szt\u00e1t, sov\u00e1ny pizz\u00e1t paradicsomsz\u00f3sszal, zabpelyhet vagy b\u00fazadar\u00e1t, s\u00f3s (pl. gomb\u00e1s) palacsint\u00e1t, k\u00e1poszt\u00e1s lep\u00e9nyt, fokhagym\u00e1s kenyeret, kuszkuszt, p\u00f3r\u00e9hagym\u00e1s vagy spen\u00f3tos pit\u00e9t (toj\u00e1s vagy tejterm\u00e9kek n\u00e9lk\u00fcl) vagy s\u00f3s s\u00fctem\u00e9nyeket.<\/p>\n\n\n\n<p><strong>Vacsora<\/strong>&nbsp;\u2013 mint m\u00e1r mondtuk, itt az alkalom valami \u00e9deset enni &#8211; p\u00e9ld\u00e1ul fagylaltot, s\u00fctem\u00e9nyt, s\u00fct\u0151t\u00f6k\u00f6s pit\u00e9t, m\u00e9zeskal\u00e1csot, muffint, pog\u00e1cs\u00e1t, zseml\u00e9t \u00e9s m\u00e9g egy ak\u00e1r a gyerekek kedvenc\u00e9t is, egy kal\u00f3riabomba szelet nutell\u00e1s kenyeret is!<\/p>\n\n\n\n<h2 class=\"wp-block-heading\" id=\"recepti\">\u00c9rdekes receptek a sz\u00e9nhidr\u00e1tnapra<\/h2>\n\n\n\n<p>Most pedig engedj\u00e9k meg, hogy figyelm\u00fckbe aj\u00e1nljuk a 3 legjobb recept\u00fcnket a 90 napos di\u00e9ta \u00edzletes, eg\u00e9szs\u00e9ges \u00e9s hat\u00e9kony sz\u00e9nhidr\u00e1tnapj\u00e1ra, hogy legal\u00e1bb egy kicsit seg\u00edts\u00fcnk a magunknak gyakran feltett k\u00e9rd\u00e9s megv\u00e1laszol\u00e1s\u00e1ban &#8211; mit is egy\u00fcnk ma?!<\/p>\n\n\n\n<h3 class=\"wp-block-heading\">Sz\u00ednes kuszkusz kaland<\/h3>\n\n\n\n<p><strong>Mire lesz sz\u00fcks\u00e9ge?<\/strong>&nbsp;\u2013 100 gramm kuszkusz, friss f\u0171szern\u00f6v\u00e9nyek (bazsalikom, koriander, fokhagyma, v\u00f6r\u00f6shagyma, z\u00f6ldhagyma), 2-3 h\u00e1mozott r\u00e9pa, 2 paprika, 2 paradicsom, ol\u00edvaolaj \u00e9s tov\u00e1bbi f\u0171szerek \u00edzl\u00e9s szerint: s\u00f3, k\u00f6m\u00e9ny, \u00e9des paprika.<\/p>\n\n\n\n<p><strong>\u00cdgy k\u00e9sz\u00edtheti el a fog\u00e1st<\/strong>&nbsp;\u2013 A friss f\u0171szern\u00f6v\u00e9nyeket egy serpeny\u0151ben kev\u00e9s ol\u00edvaolajon megp\u00e1roljuk, am\u00edg a kuszkusz 100 ml forr\u00e1sban l\u00e9v\u0151 v\u00edzben megduzzad. A f\u0171szerekhez adjuk hozz\u00e1 az apr\u00f3ra v\u00e1gott z\u00f6lds\u00e9geket, \u00e9s ha megpuhultak, adjuk hozz\u00e1 a f\u0151tt kuszkuszt.<\/p>\n\n\n\n<h3 class=\"wp-block-heading\">Spen\u00f3tos kifli<\/h3>\n\n\n\n<p><strong>Mire lesz sz\u00fcks\u00e9ge<\/strong>?&nbsp;\u2013 1 kg spen\u00f3t, 100 gramm \u0151r\u00f6lt magvak, 2 fej v\u00f6r\u00f6shagyma, 20 ml ol\u00edvaolaj, feketebors, \u00e9des paprika, s\u00f3 \u2013 \u00edzl\u00e9s szerint.<\/p>\n\n\n\n<p><strong>\u00cdgy k\u00e9sz\u00edtheti el a fog\u00e1st<\/strong>&nbsp; \u2013 Keverj\u00fck \u00f6ssze az \u00f6sszes hozz\u00e1val\u00f3t, \u00e9s gy\u00farjuk \u00f6ssze a t\u00e9szt\u00e1t. Hagyjuk egy \u00f3r\u00e1n \u00e1t \u00e1llni. Ezut\u00e1n form\u00e1zzunk bel\u0151le kis goly\u00f3kat, \u00e9s s\u00fcss\u00fck 150 fokra el\u0151meleg\u00edtett s\u00fct\u0151ben kb. f\u00e9l \u00f3r\u00e1n \u00e1t.<\/p>\n\n\n\n<h3 class=\"wp-block-heading\">M\u00e9zes pisk\u00f3ta<\/h3>\n\n\n\n<p><strong>Mire lesz sz\u00fcks\u00e9ge<\/strong>?&nbsp;\u2013 2 b\u00f6gre feh\u00e9rliszt, egy mar\u00e9knyi sz\u00e1r\u00edtott gy\u00fcm\u00f6lcs, 4 ek. m\u00e9z, 30 ml ol\u00edvaolaj, \u0151r\u00f6lt magvak (kev\u00e9s), 1 ek. kaka\u00f3por, 1 cs. s\u00fct\u0151por, \u00edzl\u00e9s szerint van\u00edlia \u00e9s fah\u00e9j.<strong>\u00cdgy k\u00e9sz\u00edtheti el a fog\u00e1st<\/strong>&nbsp; \u2013 Meleg\u00edts\u00fcnk kev\u00e9s vizet 1 cs\u00e9sze cukorral, majd adjuk hozz\u00e1 a m\u00e9zet, \u00e9s kezdj\u00fck el lend\u00fcletesen keverni, am\u00edg sima kever\u00e9ket kapunk. Ha kih\u0171lt, adjuk hozz\u00e1 az \u00f6sszes t\u00f6bbi hozz\u00e1val\u00f3t, \u00e9s keverj\u00fck \u00f6ssze alaposan. S\u00fcss\u00fck el\u0151meleg\u00edtett 200 fokos s\u00fct\u0151ben, \u00e9s sz\u00f3rjuk meg a dar\u00e1lt di\u00f3val.<\/p>\n\n\n<div class=\"wp-block-scriptless-social-sharing-buttons\"><div class=\"scriptlesssocialsharing\"><div class=\"scriptlesssocialsharing__buttons no-icons\"><a class=\"button facebook\" target=\"_blank\" href=\"https:\/\/www.facebook.com\/sharer\/sharer.php?u=https%3A%2F%2F90daydiet.org%2Fhu%2Fszenhidratnap%2F\" rel=\"noopener noreferrer nofollow\" ><span class=\"sss-name\"><span class=\"screen-reader-text\">Share on <\/span>Facebook<\/span><\/a><a class=\"button twitter\" target=\"_blank\" href=\"https:\/\/twitter.com\/intent\/tweet?text=Sz%C3%A9nhidr%C3%A1tnap%20%E2%80%93%20a%20kedvenc%C3%BCnk%20a%2090%20napos%20di%C3%A9t%C3%A1b%C3%B3l&#038;url=https%3A%2F%2F90daydiet.org%2Fhu%2Fszenhidratnap%2F\" rel=\"noopener noreferrer nofollow\" ><span class=\"sss-name\"><span class=\"screen-reader-text\">Share on <\/span>X (Twitter)<\/span><\/a><\/div><\/div><\/div>\n\n<div class=\"kk-star-ratings kksr-auto kksr-align-left kksr-valign-bottom\"\n    data-payload='{&quot;align&quot;:&quot;left&quot;,&quot;id&quot;:&quot;2002&quot;,&quot;slug&quot;:&quot;default&quot;,&quot;valign&quot;:&quot;bottom&quot;,&quot;ignore&quot;:&quot;&quot;,&quot;reference&quot;:&quot;auto&quot;,&quot;class&quot;:&quot;&quot;,&quot;count&quot;:&quot;4&quot;,&quot;legendonly&quot;:&quot;&quot;,&quot;readonly&quot;:&quot;&quot;,&quot;score&quot;:&quot;5&quot;,&quot;starsonly&quot;:&quot;&quot;,&quot;best&quot;:&quot;5&quot;,&quot;gap&quot;:&quot;5&quot;,&quot;greet&quot;:&quot;&quot;,&quot;legend&quot;:&quot;5\\\/5&quot;,&quot;size&quot;:&quot;18&quot;,&quot;title&quot;:&quot;Sz\u00e9nhidr\u00e1tnap \u2013 a kedvenc\u00fcnk a 90 napos di\u00e9t\u00e1b\u00f3l&quot;,&quot;width&quot;:&quot;112.5&quot;,&quot;_legend&quot;:&quot;{score}\\\/{best}&quot;,&quot;font_factor&quot;:&quot;1.25&quot;}'>\n            \n<div class=\"kksr-stars\">\n    \n<div class=\"kksr-stars-inactive\">\n            <div class=\"kksr-star\" data-star=\"1\" style=\"padding-right: 5px\">\n            \n\n<div class=\"kksr-icon\" style=\"width: 18px; height: 18px;\"><\/div>\n        <\/div>\n            <div class=\"kksr-star\" data-star=\"2\" style=\"padding-right: 5px\">\n            \n\n<div class=\"kksr-icon\" style=\"width: 18px; height: 18px;\"><\/div>\n        <\/div>\n            <div class=\"kksr-star\" data-star=\"3\" style=\"padding-right: 5px\">\n            \n\n<div class=\"kksr-icon\" style=\"width: 18px; height: 18px;\"><\/div>\n        <\/div>\n            <div class=\"kksr-star\" data-star=\"4\" style=\"padding-right: 5px\">\n            \n\n<div class=\"kksr-icon\" style=\"width: 18px; height: 18px;\"><\/div>\n        <\/div>\n            <div class=\"kksr-star\" data-star=\"5\" style=\"padding-right: 5px\">\n            \n\n<div class=\"kksr-icon\" style=\"width: 18px; height: 18px;\"><\/div>\n        <\/div>\n    <\/div>\n    \n<div class=\"kksr-stars-active\" style=\"width: 112.5px;\">\n            <div class=\"kksr-star\" style=\"padding-right: 5px\">\n            \n\n<div class=\"kksr-icon\" style=\"width: 18px; height: 18px;\"><\/div>\n        <\/div>\n            <div class=\"kksr-star\" style=\"padding-right: 5px\">\n            \n\n<div class=\"kksr-icon\" style=\"width: 18px; height: 18px;\"><\/div>\n        <\/div>\n            <div class=\"kksr-star\" style=\"padding-right: 5px\">\n            \n\n<div class=\"kksr-icon\" style=\"width: 18px; height: 18px;\"><\/div>\n        <\/div>\n            <div class=\"kksr-star\" style=\"padding-right: 5px\">\n            \n\n<div class=\"kksr-icon\" style=\"width: 18px; height: 18px;\"><\/div>\n        <\/div>\n            <div class=\"kksr-star\" style=\"padding-right: 5px\">\n            \n\n<div class=\"kksr-icon\" style=\"width: 18px; height: 18px;\"><\/div>\n        <\/div>\n    <\/div>\n<\/div>\n                \n\n<div class=\"kksr-legend\" style=\"font-size: 14.4px;\">\n            5\/5    <\/div>\n    <\/div>\n","protected":false},"excerpt":{"rendered":"<p>K\u00e9ts\u00e9gtelen\u00fcl a 90 napos di\u00e9t\u00e1t k\u00f6vet\u0151k kedvenc napja a sz\u00e9nhidr\u00e1tnap. Ennek t\u00f6bb oka is van. Egyr\u00e9szt, ezen a napon a legv\u00e1ltozatosabbak a megengedett \u00e9telek, \u00edgy ekkor van a legt\u00f6bb lehet\u0151s\u00e9g\u00fcnk a konyh\u00e1ban mindenf\u00e9le improviz\u00e1ci\u00f3ra. M\u00e1sr\u00e9szt, b\u0171n\u00f6s vagy nem b\u0171n\u00f6s \u00e9lvezet, a sz\u00e9nhidr\u00e1tf\u00e9l\u00e9k \u00e1ltal\u00e1ban egyben a kedvenc \u00e9teleink is. Egy ilyen nap jelenl\u00e9te a 90 napos<\/p>\n","protected":false},"author":1,"featured_media":2005,"parent":0,"menu_order":0,"comment_status":"closed","ping_status":"closed","template":"","meta":{"footnotes":""},"class_list":["post-2002","page","type-page","status-publish","has-post-thumbnail"],"_links":{"self":[{"href":"https:\/\/90daydiet.org\/hu\/wp-json\/wp\/v2\/pages\/2002","targetHints":{"allow":["GET"]}}],"collection":[{"href":"https:\/\/90daydiet.org\/hu\/wp-json\/wp\/v2\/pages"}],"about":[{"href":"https:\/\/90daydiet.org\/hu\/wp-json\/wp\/v2\/types\/page"}],"author":[{"embeddable":true,"href":"https:\/\/90daydiet.org\/hu\/wp-json\/wp\/v2\/users\/1"}],"replies":[{"embeddable":true,"href":"https:\/\/90daydiet.org\/hu\/wp-json\/wp\/v2\/comments?post=2002"}],"version-history":[{"count":4,"href":"https:\/\/90daydiet.org\/hu\/wp-json\/wp\/v2\/pages\/2002\/revisions"}],"predecessor-version":[{"id":2060,"href":"https:\/\/90daydiet.org\/hu\/wp-json\/wp\/v2\/pages\/2002\/revisions\/2060"}],"wp:featuredmedia":[{"embeddable":true,"href":"https:\/\/90daydiet.org\/hu\/wp-json\/wp\/v2\/media\/2005"}],"wp:attachment":[{"href":"https:\/\/90daydiet.org\/hu\/wp-json\/wp\/v2\/media?parent=2002"}],"curies":[{"name":"wp","href":"https:\/\/api.w.org\/{rel}","templated":true}]}}