{"id":1102,"date":"2020-03-17T18:28:33","date_gmt":"2020-03-17T16:28:33","guid":{"rendered":"https:\/\/90daydiet.org\/?page_id=1102"},"modified":"2022-04-27T15:54:40","modified_gmt":"2022-04-27T12:54:40","slug":"politica-de-confidentialitate","status":"publish","type":"page","link":"https:\/\/90daydiet.org\/ro\/politica-de-confidentialitate\/","title":{"rendered":"Politica de confiden\u021bialitate"},"content":{"rendered":"\n<p>Confiden\u021bialitatea dvs. este important\u0103 pentru noi. Nu vom colecta informa\u021biile dvs. personale prin folosirea aplica\u021biei noastre &#8211; Dieta de 90 de zile Rina &#8211; sau a site-ul web &#8211; 90daydiet.org.<br> <br>Informa\u021biile despre progresul dvs. Vor fi stocate pe telefonul dvs. mobil.<br> <br>Putem folosi reclame Google \u0219i servicii Facebook \u00een scopuri de marketing \u0219i remarketing.<br> <br>Aceast\u0103 politic\u0103 a intrat \u00een vigoare \u00eencep\u00e2nd cu data de 20 iunie 2019.<\/p>\n\n\n\n<p>Google Play \u0219i sigla Google Play sunt m\u0103rci comerciale ale Google LLC.<\/p>\n\n\n\n<p>App Store\u00ae \u0219i iPhone\u00ae sunt m\u0103rci comerciale \u00eenregistrate ale Apple Inc., \u00eenregistrate \u00een SUA \u0219i \u00een alte \u021b\u0103ri.<\/p>\n\n\n<div class=\"kk-star-ratings kksr-auto kksr-align-left kksr-valign-bottom\"\n    data-payload='{&quot;align&quot;:&quot;left&quot;,&quot;id&quot;:&quot;1102&quot;,&quot;slug&quot;:&quot;default&quot;,&quot;valign&quot;:&quot;bottom&quot;,&quot;ignore&quot;:&quot;&quot;,&quot;reference&quot;:&quot;auto&quot;,&quot;class&quot;:&quot;&quot;,&quot;count&quot;:&quot;1&quot;,&quot;legendonly&quot;:&quot;&quot;,&quot;readonly&quot;:&quot;&quot;,&quot;score&quot;:&quot;5&quot;,&quot;starsonly&quot;:&quot;&quot;,&quot;best&quot;:&quot;5&quot;,&quot;gap&quot;:&quot;5&quot;,&quot;greet&quot;:&quot;&quot;,&quot;legend&quot;:&quot;5\\\/5&quot;,&quot;size&quot;:&quot;18&quot;,&quot;title&quot;:&quot;Politica de confiden\u021bialitate&quot;,&quot;width&quot;:&quot;112.5&quot;,&quot;_legend&quot;:&quot;{score}\\\/{best}&quot;,&quot;font_factor&quot;:&quot;1.25&quot;}'>\n            \n<div class=\"kksr-stars\">\n    \n<div class=\"kksr-stars-inactive\">\n            <div class=\"kksr-star\" data-star=\"1\" style=\"padding-right: 5px\">\n            \n\n<div class=\"kksr-icon\" style=\"width: 18px; height: 18px;\"><\/div>\n        <\/div>\n            <div class=\"kksr-star\" data-star=\"2\" style=\"padding-right: 5px\">\n            \n\n<div class=\"kksr-icon\" style=\"width: 18px; height: 18px;\"><\/div>\n        <\/div>\n            <div class=\"kksr-star\" data-star=\"3\" style=\"padding-right: 5px\">\n            \n\n<div class=\"kksr-icon\" style=\"width: 18px; height: 18px;\"><\/div>\n        <\/div>\n            <div class=\"kksr-star\" data-star=\"4\" style=\"padding-right: 5px\">\n            \n\n<div class=\"kksr-icon\" style=\"width: 18px; height: 18px;\"><\/div>\n        <\/div>\n            <div class=\"kksr-star\" data-star=\"5\" style=\"padding-right: 5px\">\n            \n\n<div class=\"kksr-icon\" style=\"width: 18px; height: 18px;\"><\/div>\n        <\/div>\n    <\/div>\n    \n<div class=\"kksr-stars-active\" style=\"width: 112.5px;\">\n            <div class=\"kksr-star\" style=\"padding-right: 5px\">\n            \n\n<div class=\"kksr-icon\" style=\"width: 18px; height: 18px;\"><\/div>\n        <\/div>\n            <div class=\"kksr-star\" style=\"padding-right: 5px\">\n            \n\n<div class=\"kksr-icon\" style=\"width: 18px; height: 18px;\"><\/div>\n        <\/div>\n            <div class=\"kksr-star\" style=\"padding-right: 5px\">\n            \n\n<div class=\"kksr-icon\" style=\"width: 18px; height: 18px;\"><\/div>\n        <\/div>\n            <div class=\"kksr-star\" style=\"padding-right: 5px\">\n            \n\n<div class=\"kksr-icon\" style=\"width: 18px; height: 18px;\"><\/div>\n        <\/div>\n            <div class=\"kksr-star\" style=\"padding-right: 5px\">\n            \n\n<div class=\"kksr-icon\" style=\"width: 18px; height: 18px;\"><\/div>\n        <\/div>\n    <\/div>\n<\/div>\n                \n\n<div class=\"kksr-legend\" style=\"font-size: 14.4px;\">\n            5\/5    <\/div>\n    <\/div>\n","protected":false},"excerpt":{"rendered":"<p>Confiden\u021bialitatea dvs. este important\u0103 pentru noi. Nu vom colecta informa\u021biile dvs. personale prin folosirea aplica\u021biei noastre &#8211; Dieta de 90 de zile Rina &#8211; sau a site-ul web &#8211; 90daydiet.org. Informa\u021biile despre progresul dvs. Vor fi stocate pe telefonul dvs. mobil. Putem folosi reclame Google \u0219i servicii Facebook \u00een scopuri de marketing \u0219i remarketing. Aceast\u0103<\/p>\n","protected":false},"author":1,"featured_media":0,"parent":0,"menu_order":0,"comment_status":"closed","ping_status":"closed","template":"","meta":{"footnotes":""},"class_list":["post-1102","page","type-page","status-publish"],"_links":{"self":[{"href":"https:\/\/90daydiet.org\/ro\/wp-json\/wp\/v2\/pages\/1102","targetHints":{"allow":["GET"]}}],"collection":[{"href":"https:\/\/90daydiet.org\/ro\/wp-json\/wp\/v2\/pages"}],"about":[{"href":"https:\/\/90daydiet.org\/ro\/wp-json\/wp\/v2\/types\/page"}],"author":[{"embeddable":true,"href":"https:\/\/90daydiet.org\/ro\/wp-json\/wp\/v2\/users\/1"}],"replies":[{"embeddable":true,"href":"https:\/\/90daydiet.org\/ro\/wp-json\/wp\/v2\/comments?post=1102"}],"version-history":[{"count":2,"href":"https:\/\/90daydiet.org\/ro\/wp-json\/wp\/v2\/pages\/1102\/revisions"}],"predecessor-version":[{"id":1242,"href":"https:\/\/90daydiet.org\/ro\/wp-json\/wp\/v2\/pages\/1102\/revisions\/1242"}],"wp:attachment":[{"href":"https:\/\/90daydiet.org\/ro\/wp-json\/wp\/v2\/media?parent=1102"}],"curies":[{"name":"wp","href":"https:\/\/api.w.org\/{rel}","templated":true}]}}